{"id":512,"date":"2024-03-08T09:53:58","date_gmt":"2024-03-08T08:53:58","guid":{"rendered":"http:\/\/authentikevasion.com\/Site\/?page_id=512"},"modified":"2025-01-21T00:20:44","modified_gmt":"2025-01-20T23:20:44","slug":"balade-en-velo","status":"publish","type":"page","link":"http:\/\/authentikevasion.com\/Site\/index.php\/balade-en-velo\/","title":{"rendered":"Balade en v\u00e9lo"},"content":{"rendered":"\t\t<div data-elementor-type=\"wp-page\" data-elementor-id=\"512\" class=\"elementor elementor-512\" data-elementor-post-type=\"page\">\n\t\t\t\t<div class=\"elementor-element elementor-element-6568ce3 e-flex e-con-boxed e-con e-parent\" data-id=\"6568ce3\" data-element_type=\"container\" data-settings=\"{&quot;background_background&quot;:&quot;classic&quot;}\">\n\t\t\t\t\t<div class=\"e-con-inner\">\n\t\t\t\t<div class=\"elementor-element elementor-element-734bff9 elementor-widget elementor-widget-borderless-elementor-hero\" data-id=\"734bff9\" data-element_type=\"widget\" data-widget_type=\"borderless-elementor-hero.default\">\n\t\t\t\t<div class=\"elementor-widget-container\">\n\t\t\t\t\t\n\t\t<div class=\"borderless-elementor-hero-widget \">\n\t\t\t<div class=\"borderless-elementor-hero\">\n\t\t\t\t<div class=\"borderless-elementor-hero__overlay\"><\/div>\n\t\t\t\t<div class=\"borderless-elementor-hero__container\">\n\t\t\t\t\t<div class=\"borderless-elementor-hero__container-inner\">\n\t\t\t\t\t\t<div class=\"borderless-elementor-hero__content\">\n\n\t\t\t\t\t\t\t\t\t\t\t\t\t\t\t<h1 class=\"borderless-elementor-hero__title\">\n\t\t\t\t\t\t\t\t\tBalade en v\u00e9lo\t\t\t\t\t\t\t\t<\/h1>\n\t\t\t\t\t\t\t\n\t\t\t\t\t\t\t\t\t\t\t\t\t\t\t<span class=\"borderless-elementor-hero__subtitle\">\n\t\t\t\t\t\t\t\t\t\t\t\t\t\t\t\t\t<\/span> \n\t\t\t\t\t\t\t\n\t\t\t\t\t\t\t\n\t\t\t\t\t\t<\/div>\n\t\t\t\t\t<\/div>\n\t\t\t\t<\/div>\n\t\t\t<\/div>\n\t\t<\/div>\n\n\t\t\t\t\t\t<\/div>\n\t\t\t\t<\/div>\n\t\t\t\t\t<\/div>\n\t\t\t\t<\/div>\n\t\t<div class=\"elementor-element elementor-element-826419e e-flex e-con-boxed e-con e-parent\" data-id=\"826419e\" data-element_type=\"container\" data-settings=\"{&quot;background_background&quot;:&quot;classic&quot;}\">\n\t\t\t\t\t<div class=\"e-con-inner\">\n\t\t<div class=\"elementor-element elementor-element-a7ebbf0 e-con-full e-flex e-con e-child\" data-id=\"a7ebbf0\" data-element_type=\"container\">\n\t\t\t\t<div class=\"elementor-element elementor-element-8e846c1 elementor-widget elementor-widget-spacer\" data-id=\"8e846c1\" data-element_type=\"widget\" data-widget_type=\"spacer.default\">\n\t\t\t\t<div class=\"elementor-widget-container\">\n\t\t\t\t\t\t\t<div class=\"elementor-spacer\">\n\t\t\t<div class=\"elementor-spacer-inner\"><\/div>\n\t\t<\/div>\n\t\t\t\t\t\t<\/div>\n\t\t\t\t<\/div>\n\t\t\t\t<div class=\"elementor-element elementor-element-f86070e elementor-widget elementor-widget-heading\" data-id=\"f86070e\" data-element_type=\"widget\" data-widget_type=\"heading.default\">\n\t\t\t\t<div class=\"elementor-widget-container\">\n\t\t\t\t\t<h2 class=\"elementor-heading-title elementor-size-default\">Escapade \u00e0 v\u00e9lo : <\/h2>\t\t\t\t<\/div>\n\t\t\t\t<\/div>\n\t\t\t\t<\/div>\n\t\t<div class=\"elementor-element elementor-element-15305e7 e-con-full e-flex e-con e-child\" data-id=\"15305e7\" data-element_type=\"container\">\n\t\t\t\t<div class=\"elementor-element elementor-element-2877228 elementor-widget elementor-widget-text-editor\" data-id=\"2877228\" data-element_type=\"widget\" data-widget_type=\"text-editor.default\">\n\t\t\t\t<div class=\"elementor-widget-container\">\n\t\t\t\t\t\t\t\t\t<p>D&#8217;Abbeville \u00e0 Saint-Val\u00e9ry et retour via le Chemin du Halage. D\u00e9couvrez des paysages pittoresques de la Baie de Somme et profitez d&#8217;une balade tranquille en pleine nature<\/p>\t\t\t\t\t\t\t\t<\/div>\n\t\t\t\t<\/div>\n\t\t\t\t<\/div>\n\t\t\t\t\t<\/div>\n\t\t\t\t<\/div>\n\t\t<div class=\"elementor-element elementor-element-8163280 e-flex e-con-boxed e-con e-parent\" data-id=\"8163280\" data-element_type=\"container\" data-settings=\"{&quot;background_background&quot;:&quot;classic&quot;}\">\n\t\t\t\t\t<div class=\"e-con-inner\">\n\t\t<div class=\"elementor-element elementor-element-2177647 e-con-full e-flex e-con e-child\" data-id=\"2177647\" data-element_type=\"container\">\n\t\t\t\t<div class=\"elementor-element elementor-element-5eabc12 elementor-widget elementor-widget-image\" data-id=\"5eabc12\" data-element_type=\"widget\" data-widget_type=\"image.default\">\n\t\t\t\t<div class=\"elementor-widget-container\">\n\t\t\t\t\t\t\t\t\t\t\t\t\t\t\t<img fetchpriority=\"high\" decoding=\"async\" width=\"800\" height=\"672\" src=\"https:\/\/i0.wp.com\/authentikevasion.com\/Site\/wp-content\/uploads\/2024\/03\/Bistrot.png?fit=800%2C672\" class=\"attachment-large size-large wp-image-550\" alt=\"\" srcset=\"https:\/\/i0.wp.com\/authentikevasion.com\/Site\/wp-content\/uploads\/2024\/03\/Bistrot.png?w=895 895w, https:\/\/i0.wp.com\/authentikevasion.com\/Site\/wp-content\/uploads\/2024\/03\/Bistrot.png?resize=300%2C252 300w, https:\/\/i0.wp.com\/authentikevasion.com\/Site\/wp-content\/uploads\/2024\/03\/Bistrot.png?resize=768%2C645 768w\" sizes=\"(max-width: 800px) 100vw, 800px\" \/>\t\t\t\t\t\t\t\t\t\t\t\t\t\t\t<\/div>\n\t\t\t\t<\/div>\n\t\t\t\t<\/div>\n\t\t<div class=\"elementor-element elementor-element-a4728cb e-con-full e-flex e-con e-child\" data-id=\"a4728cb\" data-element_type=\"container\">\n\t\t\t\t<div class=\"elementor-element elementor-element-29577f1 elementor-widget elementor-widget-heading\" data-id=\"29577f1\" data-element_type=\"widget\" data-widget_type=\"heading.default\">\n\t\t\t\t<div class=\"elementor-widget-container\">\n\t\t\t\t\t<h2 class=\"elementor-heading-title elementor-size-default\">1ERE FORMULE AVEC REPAS<\/h2>\t\t\t\t<\/div>\n\t\t\t\t<\/div>\n\t\t\t\t<div class=\"elementor-element elementor-element-a23423a elementor-widget elementor-widget-text-editor\" data-id=\"a23423a\" data-element_type=\"widget\" data-widget_type=\"text-editor.default\">\n\t\t\t\t<div class=\"elementor-widget-container\">\n\t\t\t\t\t\t\t\t\t<ul><li>11H: Accueil et pr\u00e9paration de la journ\u00e9e<\/li><li>12H: Pot d&#8217;accueil et repas au restaurant le BISTROT des HALLES<\/li><li>14H: D\u00e9part de la balade le long du fleuve direction Saint-Val\u00e9ry (Baie de Somme)<\/li><li>17H: Retour par le chemin du Halage direction Abbeville<\/li><li>19H: Remise du dipl\u00f4me souvenir<\/li><\/ul>\t\t\t\t\t\t\t\t<\/div>\n\t\t\t\t<\/div>\n\t\t\t\t<\/div>\n\t\t<div class=\"elementor-element elementor-element-57e46af e-con-full e-flex e-con e-child\" data-id=\"57e46af\" data-element_type=\"container\">\n\t\t\t\t<div class=\"elementor-element elementor-element-75f03e3 elementor-widget elementor-widget-heading\" data-id=\"75f03e3\" data-element_type=\"widget\" data-widget_type=\"heading.default\">\n\t\t\t\t<div class=\"elementor-widget-container\">\n\t\t\t\t\t<h2 class=\"elementor-heading-title elementor-size-default\">2EME FORMULE AVEC REPAS<\/h2>\t\t\t\t<\/div>\n\t\t\t\t<\/div>\n\t\t\t\t<div class=\"elementor-element elementor-element-45cdda5 elementor-widget elementor-widget-text-editor\" data-id=\"45cdda5\" data-element_type=\"widget\" data-widget_type=\"text-editor.default\">\n\t\t\t\t<div class=\"elementor-widget-container\">\n\t\t\t\t\t\t\t\t\t<ul><li>14H : Accueil et pr\u00e9paration de la journ\u00e9e<\/li><li>15H : D\u00e9part de la balade le long du fleuve direction Saint-Val\u00e9ry (Baie de Somme)<\/li><li>18H : Retour par le chemin du Halage direction Abbeville<\/li><li>19H30 : Ap\u00e9ro + repas et remise du dipl\u00f4me souvenir<\/li><\/ul>\t\t\t\t\t\t\t\t<\/div>\n\t\t\t\t<\/div>\n\t\t\t\t<\/div>\n\t\t<div class=\"elementor-element elementor-element-45b8f59 e-con-full e-flex e-con e-child\" data-id=\"45b8f59\" data-element_type=\"container\">\n\t\t\t\t<div class=\"elementor-element elementor-element-d6f4829 elementor-widget elementor-widget-image\" data-id=\"d6f4829\" data-element_type=\"widget\" data-widget_type=\"image.default\">\n\t\t\t\t<div class=\"elementor-widget-container\">\n\t\t\t\t\t\t\t\t\t\t\t\t\t\t\t<img decoding=\"async\" width=\"800\" height=\"600\" src=\"https:\/\/i0.wp.com\/authentikevasion.com\/Site\/wp-content\/uploads\/2024\/03\/IMG_2389-1024x768-1.jpg?fit=800%2C600\" class=\"attachment-large size-large wp-image-1427\" alt=\"\" srcset=\"https:\/\/i0.wp.com\/authentikevasion.com\/Site\/wp-content\/uploads\/2024\/03\/IMG_2389-1024x768-1.jpg?w=1024 1024w, https:\/\/i0.wp.com\/authentikevasion.com\/Site\/wp-content\/uploads\/2024\/03\/IMG_2389-1024x768-1.jpg?resize=300%2C225 300w, https:\/\/i0.wp.com\/authentikevasion.com\/Site\/wp-content\/uploads\/2024\/03\/IMG_2389-1024x768-1.jpg?resize=768%2C576 768w\" sizes=\"(max-width: 800px) 100vw, 800px\" \/>\t\t\t\t\t\t\t\t\t\t\t\t\t\t\t<\/div>\n\t\t\t\t<\/div>\n\t\t\t\t<\/div>\n\t\t\t\t\t<\/div>\n\t\t\t\t<\/div>\n\t\t<div class=\"elementor-element elementor-element-c74f0b8 e-flex e-con-boxed e-con e-parent\" data-id=\"c74f0b8\" data-element_type=\"container\" data-settings=\"{&quot;background_background&quot;:&quot;classic&quot;}\">\n\t\t\t\t\t<div class=\"e-con-inner\">\n\t\t<div class=\"elementor-element elementor-element-442e8ed e-con-full e-flex e-con e-child\" data-id=\"442e8ed\" data-element_type=\"container\">\n\t\t\t\t<div class=\"elementor-element elementor-element-e2fbfad elementor-widget elementor-widget-image\" data-id=\"e2fbfad\" data-element_type=\"widget\" data-widget_type=\"image.default\">\n\t\t\t\t<div class=\"elementor-widget-container\">\n\t\t\t\t\t\t\t\t\t\t\t\t\t\t\t<img decoding=\"async\" width=\"750\" height=\"968\" src=\"https:\/\/i0.wp.com\/authentikevasion.com\/Site\/wp-content\/uploads\/2024\/03\/image_6483441-1.jpg?fit=750%2C968\" class=\"attachment-large size-large wp-image-1428\" alt=\"\" srcset=\"https:\/\/i0.wp.com\/authentikevasion.com\/Site\/wp-content\/uploads\/2024\/03\/image_6483441-1.jpg?w=750 750w, https:\/\/i0.wp.com\/authentikevasion.com\/Site\/wp-content\/uploads\/2024\/03\/image_6483441-1.jpg?resize=232%2C300 232w\" sizes=\"(max-width: 750px) 100vw, 750px\" \/>\t\t\t\t\t\t\t\t\t\t\t\t\t\t\t<\/div>\n\t\t\t\t<\/div>\n\t\t\t\t<\/div>\n\t\t<div class=\"elementor-element elementor-element-3dd71dc e-con-full e-flex e-con e-child\" data-id=\"3dd71dc\" data-element_type=\"container\">\n\t\t\t\t<div class=\"elementor-element elementor-element-191570b elementor-widget elementor-widget-heading\" data-id=\"191570b\" data-element_type=\"widget\" data-widget_type=\"heading.default\">\n\t\t\t\t<div class=\"elementor-widget-container\">\n\t\t\t\t\t<h2 class=\"elementor-heading-title elementor-size-default\">3EME FORMULE SANS REPAS<\/h2>\t\t\t\t<\/div>\n\t\t\t\t<\/div>\n\t\t\t\t<div class=\"elementor-element elementor-element-c25a251 elementor-widget elementor-widget-text-editor\" data-id=\"c25a251\" data-element_type=\"widget\" data-widget_type=\"text-editor.default\">\n\t\t\t\t<div class=\"elementor-widget-container\">\n\t\t\t\t\t\t\t\t\t<ul><li>13H30 : Accueil et pr\u00e9paration de la journ\u00e9e + pot d&#8217;accueil<\/li><li>14H30 : D\u00e9part de la balade le long du fleuve direction Saint-Val\u00e9ry (Baie de Somme)<\/li><li>17H : Retour par le chemin du Halage direction Abbeville<\/li><li>19H : Remise du dipl\u00f4me souvenir + pot de fin<\/li><\/ul>\t\t\t\t\t\t\t\t<\/div>\n\t\t\t\t<\/div>\n\t\t\t\t<\/div>\n\t\t\t\t\t<\/div>\n\t\t\t\t<\/div>\n\t\t<div class=\"elementor-element elementor-element-16179f7 e-flex e-con-boxed e-con e-parent\" data-id=\"16179f7\" data-element_type=\"container\" data-settings=\"{&quot;background_background&quot;:&quot;classic&quot;}\">\n\t\t\t\t\t<div class=\"e-con-inner\">\n\t\t\t\t<div class=\"elementor-element elementor-element-4fba682 elementor-widget elementor-widget-heading\" data-id=\"4fba682\" data-element_type=\"widget\" data-widget_type=\"heading.default\">\n\t\t\t\t<div class=\"elementor-widget-container\">\n\t\t\t\t\t<h2 class=\"elementor-heading-title elementor-size-default\">DETAILS ET RENSEIGNEMENTS SUPPL\u00c9MENTAIRES<\/h2>\t\t\t\t<\/div>\n\t\t\t\t<\/div>\n\t\t\t\t\t<\/div>\n\t\t\t\t<\/div>\n\t\t<div class=\"elementor-element elementor-element-66678f2 e-flex e-con-boxed e-con e-parent\" data-id=\"66678f2\" data-element_type=\"container\" data-settings=\"{&quot;background_background&quot;:&quot;classic&quot;}\">\n\t\t\t\t\t<div class=\"e-con-inner\">\n\t\t\t\t<div class=\"elementor-element elementor-element-53b6176 elementor-widget elementor-widget-text-editor\" data-id=\"53b6176\" data-element_type=\"widget\" data-widget_type=\"text-editor.default\">\n\t\t\t\t<div class=\"elementor-widget-container\">\n\t\t\t\t\t\t\t\t\t<ul><li>Lieu du rendez-vous : Bistrot des Halles, Place Jacques Bacq 80100, Abbeville (Halle Jean-Pierre Pernaut)<\/li><li>Restauration : Au BISTROT des HALLES, Sylvie et Gislain vous accueillent<\/li><li>Assistance technique sur le v\u00e9lo et v\u00e9hicule<\/li><li>Mat\u00e9riel fourni : v\u00e9los + casques (possibilit\u00e9 de venir avec son v\u00e9lo)<\/li><li>Niveau facile : parcours plat (2 x 20 km A\/R)<\/li><li>Public : individuel, group\u00e9, en famille, entre amis\/coll\u00e8gues<\/li><li>P\u00e9riodes : juin \u00e0 septembre (faire la demande pour d&#8217;autres p\u00e9riodes)<\/li><\/ul>\t\t\t\t\t\t\t\t<\/div>\n\t\t\t\t<\/div>\n\t\t\t\t<div class=\"elementor-element elementor-element-5c2bf12 elementor-widget elementor-widget-spacer\" data-id=\"5c2bf12\" data-element_type=\"widget\" data-widget_type=\"spacer.default\">\n\t\t\t\t<div class=\"elementor-widget-container\">\n\t\t\t\t\t\t\t<div class=\"elementor-spacer\">\n\t\t\t<div class=\"elementor-spacer-inner\"><\/div>\n\t\t<\/div>\n\t\t\t\t\t\t<\/div>\n\t\t\t\t<\/div>\n\t\t\t\t\t<\/div>\n\t\t\t\t<\/div>\n\t\t<div class=\"elementor-element elementor-element-e2de824 e-flex e-con-boxed e-con e-parent\" data-id=\"e2de824\" data-element_type=\"container\" data-settings=\"{&quot;background_background&quot;:&quot;classic&quot;}\">\n\t\t\t\t\t<div class=\"e-con-inner\">\n\t\t\t\t<div class=\"elementor-element elementor-element-6a6b496 elementor-align-center elementor-widget elementor-widget-button\" data-id=\"6a6b496\" data-element_type=\"widget\" data-widget_type=\"button.default\">\n\t\t\t\t<div class=\"elementor-widget-container\">\n\t\t\t\t\t\t\t\t\t<div class=\"elementor-button-wrapper\">\n\t\t\t\t\t<a class=\"elementor-button elementor-button-link elementor-size-sm\" href=\"http:\/\/authentikevasion.com\/Site\/index.php\/contact-reponses-rapides\/\">\n\t\t\t\t\t\t<span class=\"elementor-button-content-wrapper\">\n\t\t\t\t\t\t\t\t\t<span class=\"elementor-button-text\">Demander un devis<\/span>\n\t\t\t\t\t<\/span>\n\t\t\t\t\t<\/a>\n\t\t\t\t<\/div>\n\t\t\t\t\t\t\t\t<\/div>\n\t\t\t\t<\/div>\n\t\t\t\t<div class=\"elementor-element elementor-element-fbd16fd elementor-align-center elementor-widget elementor-widget-button\" data-id=\"fbd16fd\" data-element_type=\"widget\" data-widget_type=\"button.default\">\n\t\t\t\t<div class=\"elementor-widget-container\">\n\t\t\t\t\t\t\t\t\t<div class=\"elementor-button-wrapper\">\n\t\t\t\t\t<a class=\"elementor-button elementor-button-link elementor-size-sm\" href=\"http:\/\/authentikevasion.com\/Site\/index.php\/prestations\">\n\t\t\t\t\t\t<span class=\"elementor-button-content-wrapper\">\n\t\t\t\t\t\t\t\t\t<span class=\"elementor-button-text\">Retour aux prestations<\/span>\n\t\t\t\t\t<\/span>\n\t\t\t\t\t<\/a>\n\t\t\t\t<\/div>\n\t\t\t\t\t\t\t\t<\/div>\n\t\t\t\t<\/div>\n\t\t\t\t<div class=\"elementor-element elementor-element-156d224 elementor-widget elementor-widget-spacer\" data-id=\"156d224\" data-element_type=\"widget\" data-widget_type=\"spacer.default\">\n\t\t\t\t<div class=\"elementor-widget-container\">\n\t\t\t\t\t\t\t<div class=\"elementor-spacer\">\n\t\t\t<div class=\"elementor-spacer-inner\"><\/div>\n\t\t<\/div>\n\t\t\t\t\t\t<\/div>\n\t\t\t\t<\/div>\n\t\t\t\t\t<\/div>\n\t\t\t\t<\/div>\n\t\t\t\t<\/div>\n\t\t","protected":false},"excerpt":{"rendered":"<p>Balade en v\u00e9lo Escapade \u00e0 v\u00e9lo : D&#8217;Abbeville \u00e0 Saint-Val\u00e9ry et retour via le Chemin du Halage. D\u00e9couvrez des paysages pittoresques de la Baie de Somme et profitez d&#8217;une balade tranquille en pleine nature 1ERE FORMULE AVEC REPAS 11H: Accueil et pr\u00e9paration de la journ\u00e9e 12H: Pot d&#8217;accueil et repas au restaurant le BISTROT des [&hellip;]<\/p>\n","protected":false},"author":1,"featured_media":0,"parent":0,"menu_order":0,"comment_status":"closed","ping_status":"closed","template":"","meta":{"om_disable_all_campaigns":false,"_monsterinsights_skip_tracking":false,"_monsterinsights_sitenote_active":false,"_monsterinsights_sitenote_note":"","_monsterinsights_sitenote_category":0,"_uf_show_specific_survey":0,"_uf_disable_surveys":false,"footnotes":""},"class_list":["post-512","page","type-page","status-publish","hentry"],"yoast_head":"<!-- This site is optimized with the Yoast SEO plugin v24.1 - https:\/\/yoast.com\/wordpress\/plugins\/seo\/ -->\n<title>Balade en v\u00e9lo - Authenti&#039;k Evasion<\/title>\n<meta name=\"robots\" content=\"index, follow, max-snippet:-1, max-image-preview:large, max-video-preview:-1\" \/>\n<link rel=\"canonical\" href=\"https:\/\/authentikevasion.com\/Site\/index.php\/balade-en-velo\/\" \/>\n<meta property=\"og:locale\" content=\"fr_FR\" \/>\n<meta property=\"og:type\" content=\"article\" \/>\n<meta property=\"og:title\" content=\"Balade en v\u00e9lo - Authenti&#039;k Evasion\" \/>\n<meta property=\"og:description\" content=\"Balade en v\u00e9lo Escapade \u00e0 v\u00e9lo : D&#8217;Abbeville \u00e0 Saint-Val\u00e9ry et retour via le Chemin du Halage. D\u00e9couvrez des paysages pittoresques de la Baie de Somme et profitez d&#8217;une balade tranquille en pleine nature 1ERE FORMULE AVEC REPAS 11H: Accueil et pr\u00e9paration de la journ\u00e9e 12H: Pot d&#8217;accueil et repas au restaurant le BISTROT des [&hellip;]\" \/>\n<meta property=\"og:url\" content=\"https:\/\/authentikevasion.com\/Site\/index.php\/balade-en-velo\/\" \/>\n<meta property=\"og:site_name\" content=\"Authenti&#039;k Evasion\" \/>\n<meta property=\"article:modified_time\" content=\"2025-01-20T23:20:44+00:00\" \/>\n<meta property=\"og:image\" content=\"http:\/\/authentikevasion.com\/Site\/wp-content\/uploads\/2024\/03\/Bistrot.png\" \/>\n<meta name=\"twitter:card\" content=\"summary_large_image\" \/>\n<meta name=\"twitter:label1\" content=\"Dur\u00e9e de lecture estim\u00e9e\" \/>\n\t<meta name=\"twitter:data1\" content=\"2 minutes\" \/>\n<script type=\"application\/ld+json\" class=\"yoast-schema-graph\">{\"@context\":\"https:\/\/schema.org\",\"@graph\":[{\"@type\":\"WebPage\",\"@id\":\"https:\/\/authentikevasion.com\/Site\/index.php\/balade-en-velo\/\",\"url\":\"https:\/\/authentikevasion.com\/Site\/index.php\/balade-en-velo\/\",\"name\":\"Balade en v\u00e9lo - Authenti&#039;k Evasion\",\"isPartOf\":{\"@id\":\"https:\/\/authentikevasion.com\/Site\/#website\"},\"primaryImageOfPage\":{\"@id\":\"https:\/\/authentikevasion.com\/Site\/index.php\/balade-en-velo\/#primaryimage\"},\"image\":{\"@id\":\"https:\/\/authentikevasion.com\/Site\/index.php\/balade-en-velo\/#primaryimage\"},\"thumbnailUrl\":\"http:\/\/authentikevasion.com\/Site\/wp-content\/uploads\/2024\/03\/Bistrot.png\",\"datePublished\":\"2024-03-08T08:53:58+00:00\",\"dateModified\":\"2025-01-20T23:20:44+00:00\",\"breadcrumb\":{\"@id\":\"https:\/\/authentikevasion.com\/Site\/index.php\/balade-en-velo\/#breadcrumb\"},\"inLanguage\":\"fr-FR\",\"potentialAction\":[{\"@type\":\"ReadAction\",\"target\":[\"https:\/\/authentikevasion.com\/Site\/index.php\/balade-en-velo\/\"]}]},{\"@type\":\"ImageObject\",\"inLanguage\":\"fr-FR\",\"@id\":\"https:\/\/authentikevasion.com\/Site\/index.php\/balade-en-velo\/#primaryimage\",\"url\":\"https:\/\/i0.wp.com\/authentikevasion.com\/Site\/wp-content\/uploads\/2024\/03\/Bistrot.png?fit=895%2C752\",\"contentUrl\":\"https:\/\/i0.wp.com\/authentikevasion.com\/Site\/wp-content\/uploads\/2024\/03\/Bistrot.png?fit=895%2C752\",\"width\":895,\"height\":752},{\"@type\":\"BreadcrumbList\",\"@id\":\"https:\/\/authentikevasion.com\/Site\/index.php\/balade-en-velo\/#breadcrumb\",\"itemListElement\":[{\"@type\":\"ListItem\",\"position\":1,\"name\":\"Accueil\",\"item\":\"https:\/\/authentikevasion.com\/Site\/\"},{\"@type\":\"ListItem\",\"position\":2,\"name\":\"Balade en v\u00e9lo\"}]},{\"@type\":\"WebSite\",\"@id\":\"https:\/\/authentikevasion.com\/Site\/#website\",\"url\":\"https:\/\/authentikevasion.com\/Site\/\",\"name\":\"Authenti&#039;k Evasion\",\"description\":\"Oser l&#039;aventure\",\"publisher\":{\"@id\":\"https:\/\/authentikevasion.com\/Site\/#organization\"},\"potentialAction\":[{\"@type\":\"SearchAction\",\"target\":{\"@type\":\"EntryPoint\",\"urlTemplate\":\"https:\/\/authentikevasion.com\/Site\/?s={search_term_string}\"},\"query-input\":{\"@type\":\"PropertyValueSpecification\",\"valueRequired\":true,\"valueName\":\"search_term_string\"}}],\"inLanguage\":\"fr-FR\"},{\"@type\":\"Organization\",\"@id\":\"https:\/\/authentikevasion.com\/Site\/#organization\",\"name\":\"Authenti&#039;k Evasion\",\"url\":\"https:\/\/authentikevasion.com\/Site\/\",\"logo\":{\"@type\":\"ImageObject\",\"inLanguage\":\"fr-FR\",\"@id\":\"https:\/\/authentikevasion.com\/Site\/#\/schema\/logo\/image\/\",\"url\":\"https:\/\/i0.wp.com\/authentikevasion.com\/Site\/wp-content\/uploads\/2024\/02\/LogoAEbg.png?fit=200%2C200\",\"contentUrl\":\"https:\/\/i0.wp.com\/authentikevasion.com\/Site\/wp-content\/uploads\/2024\/02\/LogoAEbg.png?fit=200%2C200\",\"width\":200,\"height\":200,\"caption\":\"Authenti&#039;k Evasion\"},\"image\":{\"@id\":\"https:\/\/authentikevasion.com\/Site\/#\/schema\/logo\/image\/\"}}]}<\/script>\n<!-- \/ Yoast SEO plugin. -->","yoast_head_json":{"title":"Balade en v\u00e9lo - Authenti&#039;k Evasion","robots":{"index":"index","follow":"follow","max-snippet":"max-snippet:-1","max-image-preview":"max-image-preview:large","max-video-preview":"max-video-preview:-1"},"canonical":"https:\/\/authentikevasion.com\/Site\/index.php\/balade-en-velo\/","og_locale":"fr_FR","og_type":"article","og_title":"Balade en v\u00e9lo - Authenti&#039;k Evasion","og_description":"Balade en v\u00e9lo Escapade \u00e0 v\u00e9lo : D&#8217;Abbeville \u00e0 Saint-Val\u00e9ry et retour via le Chemin du Halage. D\u00e9couvrez des paysages pittoresques de la Baie de Somme et profitez d&#8217;une balade tranquille en pleine nature 1ERE FORMULE AVEC REPAS 11H: Accueil et pr\u00e9paration de la journ\u00e9e 12H: Pot d&#8217;accueil et repas au restaurant le BISTROT des [&hellip;]","og_url":"https:\/\/authentikevasion.com\/Site\/index.php\/balade-en-velo\/","og_site_name":"Authenti&#039;k Evasion","article_modified_time":"2025-01-20T23:20:44+00:00","og_image":[{"url":"http:\/\/authentikevasion.com\/Site\/wp-content\/uploads\/2024\/03\/Bistrot.png","type":"","width":"","height":""}],"twitter_card":"summary_large_image","twitter_misc":{"Dur\u00e9e de lecture estim\u00e9e":"2 minutes"},"schema":{"@context":"https:\/\/schema.org","@graph":[{"@type":"WebPage","@id":"https:\/\/authentikevasion.com\/Site\/index.php\/balade-en-velo\/","url":"https:\/\/authentikevasion.com\/Site\/index.php\/balade-en-velo\/","name":"Balade en v\u00e9lo - Authenti&#039;k Evasion","isPartOf":{"@id":"https:\/\/authentikevasion.com\/Site\/#website"},"primaryImageOfPage":{"@id":"https:\/\/authentikevasion.com\/Site\/index.php\/balade-en-velo\/#primaryimage"},"image":{"@id":"https:\/\/authentikevasion.com\/Site\/index.php\/balade-en-velo\/#primaryimage"},"thumbnailUrl":"http:\/\/authentikevasion.com\/Site\/wp-content\/uploads\/2024\/03\/Bistrot.png","datePublished":"2024-03-08T08:53:58+00:00","dateModified":"2025-01-20T23:20:44+00:00","breadcrumb":{"@id":"https:\/\/authentikevasion.com\/Site\/index.php\/balade-en-velo\/#breadcrumb"},"inLanguage":"fr-FR","potentialAction":[{"@type":"ReadAction","target":["https:\/\/authentikevasion.com\/Site\/index.php\/balade-en-velo\/"]}]},{"@type":"ImageObject","inLanguage":"fr-FR","@id":"https:\/\/authentikevasion.com\/Site\/index.php\/balade-en-velo\/#primaryimage","url":"https:\/\/i0.wp.com\/authentikevasion.com\/Site\/wp-content\/uploads\/2024\/03\/Bistrot.png?fit=895%2C752","contentUrl":"https:\/\/i0.wp.com\/authentikevasion.com\/Site\/wp-content\/uploads\/2024\/03\/Bistrot.png?fit=895%2C752","width":895,"height":752},{"@type":"BreadcrumbList","@id":"https:\/\/authentikevasion.com\/Site\/index.php\/balade-en-velo\/#breadcrumb","itemListElement":[{"@type":"ListItem","position":1,"name":"Accueil","item":"https:\/\/authentikevasion.com\/Site\/"},{"@type":"ListItem","position":2,"name":"Balade en v\u00e9lo"}]},{"@type":"WebSite","@id":"https:\/\/authentikevasion.com\/Site\/#website","url":"https:\/\/authentikevasion.com\/Site\/","name":"Authenti&#039;k Evasion","description":"Oser l&#039;aventure","publisher":{"@id":"https:\/\/authentikevasion.com\/Site\/#organization"},"potentialAction":[{"@type":"SearchAction","target":{"@type":"EntryPoint","urlTemplate":"https:\/\/authentikevasion.com\/Site\/?s={search_term_string}"},"query-input":{"@type":"PropertyValueSpecification","valueRequired":true,"valueName":"search_term_string"}}],"inLanguage":"fr-FR"},{"@type":"Organization","@id":"https:\/\/authentikevasion.com\/Site\/#organization","name":"Authenti&#039;k Evasion","url":"https:\/\/authentikevasion.com\/Site\/","logo":{"@type":"ImageObject","inLanguage":"fr-FR","@id":"https:\/\/authentikevasion.com\/Site\/#\/schema\/logo\/image\/","url":"https:\/\/i0.wp.com\/authentikevasion.com\/Site\/wp-content\/uploads\/2024\/02\/LogoAEbg.png?fit=200%2C200","contentUrl":"https:\/\/i0.wp.com\/authentikevasion.com\/Site\/wp-content\/uploads\/2024\/02\/LogoAEbg.png?fit=200%2C200","width":200,"height":200,"caption":"Authenti&#039;k Evasion"},"image":{"@id":"https:\/\/authentikevasion.com\/Site\/#\/schema\/logo\/image\/"}}]}},"jetpack_sharing_enabled":true,"_links":{"self":[{"href":"http:\/\/authentikevasion.com\/Site\/index.php\/wp-json\/wp\/v2\/pages\/512","targetHints":{"allow":["GET"]}}],"collection":[{"href":"http:\/\/authentikevasion.com\/Site\/index.php\/wp-json\/wp\/v2\/pages"}],"about":[{"href":"http:\/\/authentikevasion.com\/Site\/index.php\/wp-json\/wp\/v2\/types\/page"}],"author":[{"embeddable":true,"href":"http:\/\/authentikevasion.com\/Site\/index.php\/wp-json\/wp\/v2\/users\/1"}],"replies":[{"embeddable":true,"href":"http:\/\/authentikevasion.com\/Site\/index.php\/wp-json\/wp\/v2\/comments?post=512"}],"version-history":[{"count":122,"href":"http:\/\/authentikevasion.com\/Site\/index.php\/wp-json\/wp\/v2\/pages\/512\/revisions"}],"predecessor-version":[{"id":1781,"href":"http:\/\/authentikevasion.com\/Site\/index.php\/wp-json\/wp\/v2\/pages\/512\/revisions\/1781"}],"wp:attachment":[{"href":"http:\/\/authentikevasion.com\/Site\/index.php\/wp-json\/wp\/v2\/media?parent=512"}],"curies":[{"name":"wp","href":"https:\/\/api.w.org\/{rel}","templated":true}]}}