{"id":176,"date":"2024-03-05T15:51:03","date_gmt":"2024-03-05T14:51:03","guid":{"rendered":"http:\/\/authentikevasion.com\/Site\/?page_id=176"},"modified":"2025-01-21T00:21:54","modified_gmt":"2025-01-20T23:21:54","slug":"evenement","status":"publish","type":"page","link":"https:\/\/authentikevasion.com\/Site\/index.php\/evenement\/","title":{"rendered":"Evenement"},"content":{"rendered":"\t\t<div data-elementor-type=\"wp-page\" data-elementor-id=\"176\" class=\"elementor elementor-176\" data-elementor-post-type=\"page\">\n\t\t\t\t<div class=\"elementor-element elementor-element-a85231c e-flex e-con-boxed e-con e-parent\" data-id=\"a85231c\" data-element_type=\"container\">\n\t\t\t\t\t<div class=\"e-con-inner\">\n\t\t\t\t<div class=\"elementor-element elementor-element-d7dafb8 elementor-widget elementor-widget-spacer\" data-id=\"d7dafb8\" data-element_type=\"widget\" data-widget_type=\"spacer.default\">\n\t\t\t\t<div class=\"elementor-widget-container\">\n\t\t\t\t\t\t\t<div class=\"elementor-spacer\">\n\t\t\t<div class=\"elementor-spacer-inner\"><\/div>\n\t\t<\/div>\n\t\t\t\t\t\t<\/div>\n\t\t\t\t<\/div>\n\t\t\t\t\t<\/div>\n\t\t\t\t<\/div>\n\t\t<div class=\"elementor-element elementor-element-5c6cb0a e-flex e-con-boxed e-con e-parent\" data-id=\"5c6cb0a\" data-element_type=\"container\" data-settings=\"{&quot;background_background&quot;:&quot;classic&quot;}\">\n\t\t\t\t\t<div class=\"e-con-inner\">\n\t\t<div class=\"elementor-element elementor-element-dc682ef e-con-full e-flex e-con e-child\" data-id=\"dc682ef\" data-element_type=\"container\">\n\t\t\t\t<div class=\"elementor-element elementor-element-b0b8dd4 elementor-widget__width-initial elementor-widget elementor-widget-image\" data-id=\"b0b8dd4\" data-element_type=\"widget\" id=\"Event-img-1\" data-widget_type=\"image.default\">\n\t\t\t\t<div class=\"elementor-widget-container\">\n\t\t\t\t\t\t\t\t\t\t\t\t\t\t\t<img fetchpriority=\"high\" decoding=\"async\" width=\"800\" height=\"533\" src=\"https:\/\/i0.wp.com\/authentikevasion.com\/Site\/wp-content\/uploads\/2024\/03\/IMG-8773.jpg?fit=800%2C533&amp;ssl=1\" class=\"attachment-large size-large wp-image-565\" alt=\"\" srcset=\"https:\/\/i0.wp.com\/authentikevasion.com\/Site\/wp-content\/uploads\/2024\/03\/IMG-8773.jpg?w=960&amp;ssl=1 960w, https:\/\/i0.wp.com\/authentikevasion.com\/Site\/wp-content\/uploads\/2024\/03\/IMG-8773.jpg?resize=300%2C200&amp;ssl=1 300w, https:\/\/i0.wp.com\/authentikevasion.com\/Site\/wp-content\/uploads\/2024\/03\/IMG-8773.jpg?resize=768%2C512&amp;ssl=1 768w\" sizes=\"(max-width: 800px) 100vw, 800px\" \/>\t\t\t\t\t\t\t\t\t\t\t\t\t\t\t<\/div>\n\t\t\t\t<\/div>\n\t\t\t\t<\/div>\n\t\t<div class=\"elementor-element elementor-element-f4c0167 e-con-full e-flex e-con e-child\" data-id=\"f4c0167\" data-element_type=\"container\" data-settings=\"{&quot;background_background&quot;:&quot;classic&quot;}\">\n\t\t\t\t<div class=\"elementor-element elementor-element-ae1635b elementor-widget elementor-widget-text-editor\" data-id=\"ae1635b\" data-element_type=\"widget\" data-widget_type=\"text-editor.default\">\n\t\t\t\t<div class=\"elementor-widget-container\">\n\t\t\t\t\t\t\t\t\t<p>Color Day&#8217;lire<\/p>\t\t\t\t\t\t\t\t<\/div>\n\t\t\t\t<\/div>\n\t\t\t\t<div class=\"elementor-element elementor-element-d28dff5 elementor-widget elementor-widget-text-editor\" data-id=\"d28dff5\" data-element_type=\"widget\" data-widget_type=\"text-editor.default\">\n\t\t\t\t<div class=\"elementor-widget-container\">\n\t\t\t\t\t\t\t\t\t<p><span class=\"sub-title\">Un festival unique en plein coeur d&#8217;Amiens avec une programmation 100% \u00e9lectro, des challenges en \u00e9quipe et un l\u00e2ch\u00e9 de couleurs.<\/span><\/p>\t\t\t\t\t\t\t\t<\/div>\n\t\t\t\t<\/div>\n\t\t\t\t<div class=\"elementor-element elementor-element-967e8c8 elementor-align-center elementor-widget elementor-widget-button\" data-id=\"967e8c8\" data-element_type=\"widget\" data-widget_type=\"button.default\">\n\t\t\t\t<div class=\"elementor-widget-container\">\n\t\t\t\t\t\t\t\t\t<div class=\"elementor-button-wrapper\">\n\t\t\t\t\t<a class=\"elementor-button elementor-button-link elementor-size-sm\" href=\"http:\/\/authentikevasion.com\/Site\/index.php\/color-day\/\">\n\t\t\t\t\t\t<span class=\"elementor-button-content-wrapper\">\n\t\t\t\t\t\t\t\t\t<span class=\"elementor-button-text\">Page de l'\u00e9v\u00e9nement<\/span>\n\t\t\t\t\t<\/span>\n\t\t\t\t\t<\/a>\n\t\t\t\t<\/div>\n\t\t\t\t\t\t\t\t<\/div>\n\t\t\t\t<\/div>\n\t\t\t\t<\/div>\n\t\t<div class=\"elementor-element elementor-element-9a28bdb e-con-full e-flex e-con e-child\" data-id=\"9a28bdb\" data-element_type=\"container\" data-settings=\"{&quot;background_background&quot;:&quot;classic&quot;}\">\n\t\t\t\t<div class=\"elementor-element elementor-element-61db086 elementor-widget elementor-widget-text-editor\" data-id=\"61db086\" data-element_type=\"widget\" data-widget_type=\"text-editor.default\">\n\t\t\t\t<div class=\"elementor-widget-container\">\n\t\t\t\t\t\t\t\t\t<p>Xtrem Rush<\/p>\t\t\t\t\t\t\t\t<\/div>\n\t\t\t\t<\/div>\n\t\t\t\t<div class=\"elementor-element elementor-element-fca2cf9 elementor-widget elementor-widget-text-editor\" data-id=\"fca2cf9\" data-element_type=\"widget\" data-widget_type=\"text-editor.default\">\n\t\t\t\t<div class=\"elementor-widget-container\">\n\t\t\t\t\t\t\t\t\t<p>Bienvenue \u00e0 l&#8217;Xtrem Rush, l&#8217;\u00e9v\u00e9nement ultime o\u00f9 le d\u00e9fi rencontre le plaisir, con\u00e7u pour repousser vos limites physiques et mentales dans une aventure in\u00e9gal\u00e9e ! Que vous soyez un sportif chevronn\u00e9, un amateur passionn\u00e9 ou simplement en qu\u00eate d&#8217;une exp\u00e9rience hors du commun, l&#8217;Xtrem Rush est l&#8217;occasion id\u00e9ale de vivre une aventure palpitante.<\/p>\t\t\t\t\t\t\t\t<\/div>\n\t\t\t\t<\/div>\n\t\t\t\t<div class=\"elementor-element elementor-element-f048787 elementor-align-center elementor-widget elementor-widget-button\" data-id=\"f048787\" data-element_type=\"widget\" data-widget_type=\"button.default\">\n\t\t\t\t<div class=\"elementor-widget-container\">\n\t\t\t\t\t\t\t\t\t<div class=\"elementor-button-wrapper\">\n\t\t\t\t\t<a class=\"elementor-button elementor-button-link elementor-size-sm\" href=\"http:\/\/authentikevasion.com\/Site\/index.php\/xtrem-rush\/\">\n\t\t\t\t\t\t<span class=\"elementor-button-content-wrapper\">\n\t\t\t\t\t\t\t\t\t<span class=\"elementor-button-text\">Page de l'\u00e9v\u00e9nement<\/span>\n\t\t\t\t\t<\/span>\n\t\t\t\t\t<\/a>\n\t\t\t\t<\/div>\n\t\t\t\t\t\t\t\t<\/div>\n\t\t\t\t<\/div>\n\t\t\t\t<\/div>\n\t\t<div class=\"elementor-element elementor-element-67b7aa2 e-con-full e-flex e-con e-child\" data-id=\"67b7aa2\" data-element_type=\"container\">\n\t\t\t\t<div class=\"elementor-element elementor-element-5c92b02 elementor-widget__width-initial elementor-widget elementor-widget-image\" data-id=\"5c92b02\" data-element_type=\"widget\" id=\"Event-img-2\" data-widget_type=\"image.default\">\n\t\t\t\t<div class=\"elementor-widget-container\">\n\t\t\t\t\t\t\t\t\t\t\t\t\t\t\t<img decoding=\"async\" width=\"800\" height=\"482\" src=\"https:\/\/i0.wp.com\/authentikevasion.com\/Site\/wp-content\/uploads\/2024\/03\/DnYG7YvWsAA7KqL.jpeg?fit=800%2C482&amp;ssl=1\" class=\"attachment-large size-large wp-image-667\" alt=\"\" srcset=\"https:\/\/i0.wp.com\/authentikevasion.com\/Site\/wp-content\/uploads\/2024\/03\/DnYG7YvWsAA7KqL.jpeg?w=1920&amp;ssl=1 1920w, https:\/\/i0.wp.com\/authentikevasion.com\/Site\/wp-content\/uploads\/2024\/03\/DnYG7YvWsAA7KqL.jpeg?resize=300%2C181&amp;ssl=1 300w, https:\/\/i0.wp.com\/authentikevasion.com\/Site\/wp-content\/uploads\/2024\/03\/DnYG7YvWsAA7KqL.jpeg?resize=1024%2C617&amp;ssl=1 1024w, https:\/\/i0.wp.com\/authentikevasion.com\/Site\/wp-content\/uploads\/2024\/03\/DnYG7YvWsAA7KqL.jpeg?resize=768%2C463&amp;ssl=1 768w, https:\/\/i0.wp.com\/authentikevasion.com\/Site\/wp-content\/uploads\/2024\/03\/DnYG7YvWsAA7KqL.jpeg?resize=1536%2C926&amp;ssl=1 1536w, https:\/\/i0.wp.com\/authentikevasion.com\/Site\/wp-content\/uploads\/2024\/03\/DnYG7YvWsAA7KqL.jpeg?w=1600 1600w\" sizes=\"(max-width: 800px) 100vw, 800px\" \/>\t\t\t\t\t\t\t\t\t\t\t\t\t\t\t<\/div>\n\t\t\t\t<\/div>\n\t\t\t\t<\/div>\n\t\t\t\t\t<\/div>\n\t\t\t\t<\/div>\n\t\t<div class=\"elementor-element elementor-element-fc150f0 e-flex e-con-boxed e-con e-parent\" data-id=\"fc150f0\" data-element_type=\"container\">\n\t\t\t\t\t<div class=\"e-con-inner\">\n\t\t\t\t<div class=\"elementor-element elementor-element-3b6f688 elementor-widget elementor-widget-spacer\" data-id=\"3b6f688\" data-element_type=\"widget\" data-widget_type=\"spacer.default\">\n\t\t\t\t<div class=\"elementor-widget-container\">\n\t\t\t\t\t\t\t<div class=\"elementor-spacer\">\n\t\t\t<div class=\"elementor-spacer-inner\"><\/div>\n\t\t<\/div>\n\t\t\t\t\t\t<\/div>\n\t\t\t\t<\/div>\n\t\t\t\t\t<\/div>\n\t\t\t\t<\/div>\n\t\t\t\t<\/div>\n\t\t","protected":false},"excerpt":{"rendered":"<p>Color Day&#8217;lire Un festival unique en plein coeur d&#8217;Amiens avec une programmation 100% \u00e9lectro, des challenges en \u00e9quipe et un l\u00e2ch\u00e9 de couleurs. Page de l&#8217;\u00e9v\u00e9nement Xtrem Rush Bienvenue \u00e0 l&#8217;Xtrem Rush, l&#8217;\u00e9v\u00e9nement ultime o\u00f9 le d\u00e9fi rencontre le plaisir, con\u00e7u pour repousser vos limites physiques et mentales dans une aventure in\u00e9gal\u00e9e ! Que vous [&hellip;]<\/p>\n","protected":false},"author":1,"featured_media":0,"parent":0,"menu_order":0,"comment_status":"closed","ping_status":"closed","template":"","meta":{"om_disable_all_campaigns":false,"_monsterinsights_skip_tracking":false,"_monsterinsights_sitenote_active":false,"_monsterinsights_sitenote_note":"","_monsterinsights_sitenote_category":0,"_uf_show_specific_survey":0,"_uf_disable_surveys":false,"footnotes":""},"class_list":["post-176","page","type-page","status-publish","hentry"],"yoast_head":"<!-- This site is optimized with the Yoast SEO plugin v24.1 - https:\/\/yoast.com\/wordpress\/plugins\/seo\/ -->\n<title>Evenement - Authenti&#039;k Evasion<\/title>\n<meta name=\"robots\" content=\"index, follow, max-snippet:-1, max-image-preview:large, max-video-preview:-1\" \/>\n<link rel=\"canonical\" href=\"https:\/\/authentikevasion.com\/Site\/index.php\/evenement\/\" \/>\n<meta property=\"og:locale\" content=\"fr_FR\" \/>\n<meta property=\"og:type\" content=\"article\" \/>\n<meta property=\"og:title\" content=\"Evenement - Authenti&#039;k Evasion\" \/>\n<meta property=\"og:description\" content=\"Color Day&#8217;lire Un festival unique en plein coeur d&#8217;Amiens avec une programmation 100% \u00e9lectro, des challenges en \u00e9quipe et un l\u00e2ch\u00e9 de couleurs. Page de l&#8217;\u00e9v\u00e9nement Xtrem Rush Bienvenue \u00e0 l&#8217;Xtrem Rush, l&#8217;\u00e9v\u00e9nement ultime o\u00f9 le d\u00e9fi rencontre le plaisir, con\u00e7u pour repousser vos limites physiques et mentales dans une aventure in\u00e9gal\u00e9e ! Que vous [&hellip;]\" \/>\n<meta property=\"og:url\" content=\"https:\/\/authentikevasion.com\/Site\/index.php\/evenement\/\" \/>\n<meta property=\"og:site_name\" content=\"Authenti&#039;k Evasion\" \/>\n<meta property=\"article:modified_time\" content=\"2025-01-20T23:21:54+00:00\" \/>\n<meta property=\"og:image\" content=\"http:\/\/authentikevasion.com\/Site\/wp-content\/uploads\/2024\/03\/IMG-8773.jpg\" \/>\n<meta name=\"twitter:card\" content=\"summary_large_image\" \/>\n<meta name=\"twitter:label1\" content=\"Dur\u00e9e de lecture estim\u00e9e\" \/>\n\t<meta name=\"twitter:data1\" content=\"1 minute\" \/>\n<script type=\"application\/ld+json\" class=\"yoast-schema-graph\">{\"@context\":\"https:\/\/schema.org\",\"@graph\":[{\"@type\":\"WebPage\",\"@id\":\"https:\/\/authentikevasion.com\/Site\/index.php\/evenement\/\",\"url\":\"https:\/\/authentikevasion.com\/Site\/index.php\/evenement\/\",\"name\":\"Evenement - Authenti&#039;k Evasion\",\"isPartOf\":{\"@id\":\"https:\/\/authentikevasion.com\/Site\/#website\"},\"primaryImageOfPage\":{\"@id\":\"https:\/\/authentikevasion.com\/Site\/index.php\/evenement\/#primaryimage\"},\"image\":{\"@id\":\"https:\/\/authentikevasion.com\/Site\/index.php\/evenement\/#primaryimage\"},\"thumbnailUrl\":\"http:\/\/authentikevasion.com\/Site\/wp-content\/uploads\/2024\/03\/IMG-8773.jpg\",\"datePublished\":\"2024-03-05T14:51:03+00:00\",\"dateModified\":\"2025-01-20T23:21:54+00:00\",\"breadcrumb\":{\"@id\":\"https:\/\/authentikevasion.com\/Site\/index.php\/evenement\/#breadcrumb\"},\"inLanguage\":\"fr-FR\",\"potentialAction\":[{\"@type\":\"ReadAction\",\"target\":[\"https:\/\/authentikevasion.com\/Site\/index.php\/evenement\/\"]}]},{\"@type\":\"ImageObject\",\"inLanguage\":\"fr-FR\",\"@id\":\"https:\/\/authentikevasion.com\/Site\/index.php\/evenement\/#primaryimage\",\"url\":\"https:\/\/i0.wp.com\/authentikevasion.com\/Site\/wp-content\/uploads\/2024\/03\/IMG-8773.jpg?fit=960%2C640&ssl=1\",\"contentUrl\":\"https:\/\/i0.wp.com\/authentikevasion.com\/Site\/wp-content\/uploads\/2024\/03\/IMG-8773.jpg?fit=960%2C640&ssl=1\",\"width\":960,\"height\":640},{\"@type\":\"BreadcrumbList\",\"@id\":\"https:\/\/authentikevasion.com\/Site\/index.php\/evenement\/#breadcrumb\",\"itemListElement\":[{\"@type\":\"ListItem\",\"position\":1,\"name\":\"Accueil\",\"item\":\"https:\/\/authentikevasion.com\/Site\/\"},{\"@type\":\"ListItem\",\"position\":2,\"name\":\"Evenement\"}]},{\"@type\":\"WebSite\",\"@id\":\"https:\/\/authentikevasion.com\/Site\/#website\",\"url\":\"https:\/\/authentikevasion.com\/Site\/\",\"name\":\"Authenti&#039;k Evasion\",\"description\":\"Oser l&#039;aventure\",\"publisher\":{\"@id\":\"https:\/\/authentikevasion.com\/Site\/#organization\"},\"potentialAction\":[{\"@type\":\"SearchAction\",\"target\":{\"@type\":\"EntryPoint\",\"urlTemplate\":\"https:\/\/authentikevasion.com\/Site\/?s={search_term_string}\"},\"query-input\":{\"@type\":\"PropertyValueSpecification\",\"valueRequired\":true,\"valueName\":\"search_term_string\"}}],\"inLanguage\":\"fr-FR\"},{\"@type\":\"Organization\",\"@id\":\"https:\/\/authentikevasion.com\/Site\/#organization\",\"name\":\"Authenti&#039;k Evasion\",\"url\":\"https:\/\/authentikevasion.com\/Site\/\",\"logo\":{\"@type\":\"ImageObject\",\"inLanguage\":\"fr-FR\",\"@id\":\"https:\/\/authentikevasion.com\/Site\/#\/schema\/logo\/image\/\",\"url\":\"https:\/\/i0.wp.com\/authentikevasion.com\/Site\/wp-content\/uploads\/2024\/02\/LogoAEbg.png?fit=200%2C200&ssl=1\",\"contentUrl\":\"https:\/\/i0.wp.com\/authentikevasion.com\/Site\/wp-content\/uploads\/2024\/02\/LogoAEbg.png?fit=200%2C200&ssl=1\",\"width\":200,\"height\":200,\"caption\":\"Authenti&#039;k Evasion\"},\"image\":{\"@id\":\"https:\/\/authentikevasion.com\/Site\/#\/schema\/logo\/image\/\"}}]}<\/script>\n<!-- \/ Yoast SEO plugin. -->","yoast_head_json":{"title":"Evenement - Authenti&#039;k Evasion","robots":{"index":"index","follow":"follow","max-snippet":"max-snippet:-1","max-image-preview":"max-image-preview:large","max-video-preview":"max-video-preview:-1"},"canonical":"https:\/\/authentikevasion.com\/Site\/index.php\/evenement\/","og_locale":"fr_FR","og_type":"article","og_title":"Evenement - Authenti&#039;k Evasion","og_description":"Color Day&#8217;lire Un festival unique en plein coeur d&#8217;Amiens avec une programmation 100% \u00e9lectro, des challenges en \u00e9quipe et un l\u00e2ch\u00e9 de couleurs. Page de l&#8217;\u00e9v\u00e9nement Xtrem Rush Bienvenue \u00e0 l&#8217;Xtrem Rush, l&#8217;\u00e9v\u00e9nement ultime o\u00f9 le d\u00e9fi rencontre le plaisir, con\u00e7u pour repousser vos limites physiques et mentales dans une aventure in\u00e9gal\u00e9e ! Que vous [&hellip;]","og_url":"https:\/\/authentikevasion.com\/Site\/index.php\/evenement\/","og_site_name":"Authenti&#039;k Evasion","article_modified_time":"2025-01-20T23:21:54+00:00","og_image":[{"url":"http:\/\/authentikevasion.com\/Site\/wp-content\/uploads\/2024\/03\/IMG-8773.jpg","type":"","width":"","height":""}],"twitter_card":"summary_large_image","twitter_misc":{"Dur\u00e9e de lecture estim\u00e9e":"1 minute"},"schema":{"@context":"https:\/\/schema.org","@graph":[{"@type":"WebPage","@id":"https:\/\/authentikevasion.com\/Site\/index.php\/evenement\/","url":"https:\/\/authentikevasion.com\/Site\/index.php\/evenement\/","name":"Evenement - Authenti&#039;k Evasion","isPartOf":{"@id":"https:\/\/authentikevasion.com\/Site\/#website"},"primaryImageOfPage":{"@id":"https:\/\/authentikevasion.com\/Site\/index.php\/evenement\/#primaryimage"},"image":{"@id":"https:\/\/authentikevasion.com\/Site\/index.php\/evenement\/#primaryimage"},"thumbnailUrl":"http:\/\/authentikevasion.com\/Site\/wp-content\/uploads\/2024\/03\/IMG-8773.jpg","datePublished":"2024-03-05T14:51:03+00:00","dateModified":"2025-01-20T23:21:54+00:00","breadcrumb":{"@id":"https:\/\/authentikevasion.com\/Site\/index.php\/evenement\/#breadcrumb"},"inLanguage":"fr-FR","potentialAction":[{"@type":"ReadAction","target":["https:\/\/authentikevasion.com\/Site\/index.php\/evenement\/"]}]},{"@type":"ImageObject","inLanguage":"fr-FR","@id":"https:\/\/authentikevasion.com\/Site\/index.php\/evenement\/#primaryimage","url":"https:\/\/i0.wp.com\/authentikevasion.com\/Site\/wp-content\/uploads\/2024\/03\/IMG-8773.jpg?fit=960%2C640&ssl=1","contentUrl":"https:\/\/i0.wp.com\/authentikevasion.com\/Site\/wp-content\/uploads\/2024\/03\/IMG-8773.jpg?fit=960%2C640&ssl=1","width":960,"height":640},{"@type":"BreadcrumbList","@id":"https:\/\/authentikevasion.com\/Site\/index.php\/evenement\/#breadcrumb","itemListElement":[{"@type":"ListItem","position":1,"name":"Accueil","item":"https:\/\/authentikevasion.com\/Site\/"},{"@type":"ListItem","position":2,"name":"Evenement"}]},{"@type":"WebSite","@id":"https:\/\/authentikevasion.com\/Site\/#website","url":"https:\/\/authentikevasion.com\/Site\/","name":"Authenti&#039;k Evasion","description":"Oser l&#039;aventure","publisher":{"@id":"https:\/\/authentikevasion.com\/Site\/#organization"},"potentialAction":[{"@type":"SearchAction","target":{"@type":"EntryPoint","urlTemplate":"https:\/\/authentikevasion.com\/Site\/?s={search_term_string}"},"query-input":{"@type":"PropertyValueSpecification","valueRequired":true,"valueName":"search_term_string"}}],"inLanguage":"fr-FR"},{"@type":"Organization","@id":"https:\/\/authentikevasion.com\/Site\/#organization","name":"Authenti&#039;k Evasion","url":"https:\/\/authentikevasion.com\/Site\/","logo":{"@type":"ImageObject","inLanguage":"fr-FR","@id":"https:\/\/authentikevasion.com\/Site\/#\/schema\/logo\/image\/","url":"https:\/\/i0.wp.com\/authentikevasion.com\/Site\/wp-content\/uploads\/2024\/02\/LogoAEbg.png?fit=200%2C200&ssl=1","contentUrl":"https:\/\/i0.wp.com\/authentikevasion.com\/Site\/wp-content\/uploads\/2024\/02\/LogoAEbg.png?fit=200%2C200&ssl=1","width":200,"height":200,"caption":"Authenti&#039;k Evasion"},"image":{"@id":"https:\/\/authentikevasion.com\/Site\/#\/schema\/logo\/image\/"}}]}},"jetpack_sharing_enabled":true,"_links":{"self":[{"href":"https:\/\/authentikevasion.com\/Site\/index.php\/wp-json\/wp\/v2\/pages\/176","targetHints":{"allow":["GET"]}}],"collection":[{"href":"https:\/\/authentikevasion.com\/Site\/index.php\/wp-json\/wp\/v2\/pages"}],"about":[{"href":"https:\/\/authentikevasion.com\/Site\/index.php\/wp-json\/wp\/v2\/types\/page"}],"author":[{"embeddable":true,"href":"https:\/\/authentikevasion.com\/Site\/index.php\/wp-json\/wp\/v2\/users\/1"}],"replies":[{"embeddable":true,"href":"https:\/\/authentikevasion.com\/Site\/index.php\/wp-json\/wp\/v2\/comments?post=176"}],"version-history":[{"count":51,"href":"https:\/\/authentikevasion.com\/Site\/index.php\/wp-json\/wp\/v2\/pages\/176\/revisions"}],"predecessor-version":[{"id":1787,"href":"https:\/\/authentikevasion.com\/Site\/index.php\/wp-json\/wp\/v2\/pages\/176\/revisions\/1787"}],"wp:attachment":[{"href":"https:\/\/authentikevasion.com\/Site\/index.php\/wp-json\/wp\/v2\/media?parent=176"}],"curies":[{"name":"wp","href":"https:\/\/api.w.org\/{rel}","templated":true}]}}