{"id":454,"date":"2024-03-01T10:49:34","date_gmt":"2024-03-01T09:49:34","guid":{"rendered":"http:\/\/authentikevasion.com\/Site\/?page_id=454"},"modified":"2025-01-21T00:20:33","modified_gmt":"2025-01-20T23:20:33","slug":"base-de-loisir","status":"publish","type":"page","link":"https:\/\/authentikevasion.com\/Site\/index.php\/base-de-loisir\/","title":{"rendered":"Base de Loisir"},"content":{"rendered":"\t\t<div data-elementor-type=\"wp-page\" data-elementor-id=\"454\" class=\"elementor elementor-454\" data-elementor-post-type=\"page\">\n\t\t\t\t<div class=\"elementor-element elementor-element-a23c8dd e-flex e-con-boxed e-con e-parent\" data-id=\"a23c8dd\" data-element_type=\"container\" data-settings=\"{&quot;background_background&quot;:&quot;classic&quot;}\">\n\t\t\t\t\t<div class=\"e-con-inner\">\n\t\t\t\t<div class=\"elementor-element elementor-element-6aff171 elementor-widget elementor-widget-borderless-elementor-hero\" data-id=\"6aff171\" data-element_type=\"widget\" data-widget_type=\"borderless-elementor-hero.default\">\n\t\t\t\t<div class=\"elementor-widget-container\">\n\t\t\t\t\t\n\t\t<div class=\"borderless-elementor-hero-widget \">\n\t\t\t<div class=\"borderless-elementor-hero\">\n\t\t\t\t<div class=\"borderless-elementor-hero__overlay\"><\/div>\n\t\t\t\t<div class=\"borderless-elementor-hero__container\">\n\t\t\t\t\t<div class=\"borderless-elementor-hero__container-inner\">\n\t\t\t\t\t\t<div class=\"borderless-elementor-hero__content\">\n\n\t\t\t\t\t\t\t\t\t\t\t\t\t\t\t<h1 class=\"borderless-elementor-hero__title\">\n\t\t\t\t\t\t\t\t\tBase de loisirs\t\t\t\t\t\t\t\t<\/h1>\n\t\t\t\t\t\t\t\n\t\t\t\t\t\t\t\t\t\t\t\t\t\t\t<span class=\"borderless-elementor-hero__subtitle\">\n\t\t\t\t\t\t\t\t\t\t\t\t\t\t\t\t\t<\/span> \n\t\t\t\t\t\t\t\n\t\t\t\t\t\t\t\n\t\t\t\t\t\t<\/div>\n\t\t\t\t\t<\/div>\n\t\t\t\t<\/div>\n\t\t\t<\/div>\n\t\t<\/div>\n\n\t\t\t\t\t\t<\/div>\n\t\t\t\t<\/div>\n\t\t\t\t\t<\/div>\n\t\t\t\t<\/div>\n\t\t<div class=\"elementor-element elementor-element-15ae8ce e-flex e-con-boxed e-con e-parent\" data-id=\"15ae8ce\" data-element_type=\"container\" data-settings=\"{&quot;background_background&quot;:&quot;classic&quot;}\">\n\t\t\t\t\t<div class=\"e-con-inner\">\n\t\t<div class=\"elementor-element elementor-element-2695fc2 e-con-full e-flex e-con e-child\" data-id=\"2695fc2\" data-element_type=\"container\">\n\t\t\t\t<div class=\"elementor-element elementor-element-afbab3a elementor-widget elementor-widget-heading\" data-id=\"afbab3a\" data-element_type=\"widget\" data-widget_type=\"heading.default\">\n\t\t\t\t<div class=\"elementor-widget-container\">\n\t\t\t\t\t<h2 class=\"elementor-heading-title elementor-size-default\">Oasis de d\u00e9tente : explorez nos offres de loisirs enrichissantes.<\/h2>\t\t\t\t<\/div>\n\t\t\t\t<\/div>\n\t\t\t\t<\/div>\n\t\t<div class=\"elementor-element elementor-element-8b71ae0 e-con-full e-flex e-con e-child\" data-id=\"8b71ae0\" data-element_type=\"container\">\n\t\t\t\t<div class=\"elementor-element elementor-element-60c1f36 elementor-widget elementor-widget-text-editor\" data-id=\"60c1f36\" data-element_type=\"widget\" data-widget_type=\"text-editor.default\">\n\t\t\t\t<div class=\"elementor-widget-container\">\n\t\t\t\t\t\t\t\t\t<p>Dans un cadre de r\u00eave, venez profiter d\u2019un lieu de vie idyllique en fond de vall\u00e9e, o\u00f9 r\u00e8gnent calme et s\u00e9r\u00e9nit\u00e9, rythm\u00e9 seulement par le chant des oiseaux.<br \/>Le camping Baie de Somme La Peupleraie, \u00e0 proximit\u00e9 imm\u00e9diate de la v\u00e9lo-route Vall\u00e9e de Somme va vous faire d\u00e9couvrir nos balades et l\u2019histoire des tourbi\u00e8res et des Longiniens.<\/p>\t\t\t\t\t\t\t\t<\/div>\n\t\t\t\t<\/div>\n\t\t\t\t<\/div>\n\t\t\t\t\t<\/div>\n\t\t\t\t<\/div>\n\t\t<div class=\"elementor-element elementor-element-09540e8 e-flex e-con-boxed e-con e-parent\" data-id=\"09540e8\" data-element_type=\"container\" data-settings=\"{&quot;background_background&quot;:&quot;classic&quot;}\">\n\t\t\t\t\t<div class=\"e-con-inner\">\n\t\t<div class=\"elementor-element elementor-element-1d96286 e-con-full e-flex e-con e-child\" data-id=\"1d96286\" data-element_type=\"container\">\n\t\t\t\t<div class=\"elementor-element elementor-element-cc46a6b elementor-widget elementor-widget-image\" data-id=\"cc46a6b\" data-element_type=\"widget\" data-widget_type=\"image.default\">\n\t\t\t\t<div class=\"elementor-widget-container\">\n\t\t\t\t\t\t\t\t\t\t\t\t\t\t\t<img fetchpriority=\"high\" decoding=\"async\" width=\"640\" height=\"480\" src=\"https:\/\/i0.wp.com\/authentikevasion.com\/Site\/wp-content\/uploads\/2024\/03\/IMG_3679.jpg?fit=640%2C480&amp;ssl=1\" class=\"attachment-large size-large wp-image-478\" alt=\"\" srcset=\"https:\/\/i0.wp.com\/authentikevasion.com\/Site\/wp-content\/uploads\/2024\/03\/IMG_3679.jpg?w=640&amp;ssl=1 640w, https:\/\/i0.wp.com\/authentikevasion.com\/Site\/wp-content\/uploads\/2024\/03\/IMG_3679.jpg?resize=300%2C225&amp;ssl=1 300w\" sizes=\"(max-width: 640px) 100vw, 640px\" \/>\t\t\t\t\t\t\t\t\t\t\t\t\t\t\t<\/div>\n\t\t\t\t<\/div>\n\t\t\t\t<\/div>\n\t\t<div class=\"elementor-element elementor-element-497d9ab e-con-full e-flex e-con e-child\" data-id=\"497d9ab\" data-element_type=\"container\">\n\t\t\t\t<div class=\"elementor-element elementor-element-e35e081 elementor-widget elementor-widget-text-editor\" data-id=\"e35e081\" data-element_type=\"widget\" data-widget_type=\"text-editor.default\">\n\t\t\t\t<div class=\"elementor-widget-container\">\n\t\t\t\t\t\t\t\t\t<p>Nous proposons d\u2019installer vos tentes ainsi que votre campement lourd sur l\u2019emplacement exclusivement r\u00e9serv\u00e9 \u00e0 cet effet.<\/p><p>Le camping Baie de Somme La Peupleraie, \u00e0 proximit\u00e9 imm\u00e9diate de la v\u00e9lo-route Vall\u00e9e de Somme, va vous faire d\u00e9couvrir nos balades et l\u2019histoire des tourbi\u00e8res et des Longiniens.<\/p><p>Les commodit\u00e9s en libre-service du camping sont : emplacement r\u00e9serv\u00e9 \u00e0 l\u2019installation du camp, \u00e9lectricit\u00e9, douches, toilettes, coin vaisselle&#8230; (le mat\u00e9riel de camping n\u2019est pas fourni).<\/p>\t\t\t\t\t\t\t\t<\/div>\n\t\t\t\t<\/div>\n\t\t\t\t<\/div>\n\t\t<div class=\"elementor-element elementor-element-e3e2ea4 e-con-full e-flex e-con e-child\" data-id=\"e3e2ea4\" data-element_type=\"container\">\n\t\t\t\t<div class=\"elementor-element elementor-element-5a40a96 elementor-widget elementor-widget-text-editor\" data-id=\"5a40a96\" data-element_type=\"widget\" data-widget_type=\"text-editor.default\">\n\t\t\t\t<div class=\"elementor-widget-container\">\n\t\t\t\t\t\t\t\t\t<p>Notre prestation de base de loisirs se d\u00e9roule pendant la p\u00e9riode juillet-ao\u00fbt.<\/p><p>Trois types de formules vous sont propos\u00e9es :<\/p><ul><li>Formule camp l\u00e9ger \u00e0 la semaine<\/li><li>Formule camp lourd sur plusieurs semaines avec diff\u00e9rents groupes<\/li><li>Formule \u00e0 la journ\u00e9e<\/li><\/ul>\t\t\t\t\t\t\t\t<\/div>\n\t\t\t\t<\/div>\n\t\t\t\t<\/div>\n\t\t<div class=\"elementor-element elementor-element-44575d3 e-con-full e-flex e-con e-child\" data-id=\"44575d3\" data-element_type=\"container\">\n\t\t\t\t<div class=\"elementor-element elementor-element-3991b50 elementor-widget elementor-widget-image\" data-id=\"3991b50\" data-element_type=\"widget\" data-widget_type=\"image.default\">\n\t\t\t\t<div class=\"elementor-widget-container\">\n\t\t\t\t\t\t\t\t\t\t\t\t\t\t\t<img decoding=\"async\" width=\"720\" height=\"480\" src=\"https:\/\/i0.wp.com\/authentikevasion.com\/Site\/wp-content\/uploads\/2024\/03\/sejour-tipis-nuit.jpg?fit=720%2C480&amp;ssl=1\" class=\"attachment-large size-large wp-image-815\" alt=\"\" srcset=\"https:\/\/i0.wp.com\/authentikevasion.com\/Site\/wp-content\/uploads\/2024\/03\/sejour-tipis-nuit.jpg?w=720&amp;ssl=1 720w, https:\/\/i0.wp.com\/authentikevasion.com\/Site\/wp-content\/uploads\/2024\/03\/sejour-tipis-nuit.jpg?resize=300%2C200&amp;ssl=1 300w\" sizes=\"(max-width: 720px) 100vw, 720px\" \/>\t\t\t\t\t\t\t\t\t\t\t\t\t\t\t<\/div>\n\t\t\t\t<\/div>\n\t\t\t\t<\/div>\n\t\t\t\t\t<\/div>\n\t\t\t\t<\/div>\n\t\t<div class=\"elementor-element elementor-element-6570c1c e-flex e-con-boxed e-con e-parent\" data-id=\"6570c1c\" data-element_type=\"container\" data-settings=\"{&quot;background_background&quot;:&quot;classic&quot;}\">\n\t\t\t\t\t<div class=\"e-con-inner\">\n\t\t<div class=\"elementor-element elementor-element-720e799 e-con-full e-flex e-con e-child\" data-id=\"720e799\" data-element_type=\"container\">\n\t\t\t\t<div class=\"elementor-element elementor-element-217a1d1 elementor-widget elementor-widget-image\" data-id=\"217a1d1\" data-element_type=\"widget\" data-widget_type=\"image.default\">\n\t\t\t\t<div class=\"elementor-widget-container\">\n\t\t\t\t\t\t\t\t\t\t\t\t\t\t\t<img decoding=\"async\" width=\"800\" height=\"600\" src=\"https:\/\/i0.wp.com\/authentikevasion.com\/Site\/wp-content\/uploads\/2024\/03\/PHOTO-2024-01-12-10-48-28.jpg?fit=800%2C600&amp;ssl=1\" class=\"attachment-large size-large wp-image-490\" alt=\"\" srcset=\"https:\/\/i0.wp.com\/authentikevasion.com\/Site\/wp-content\/uploads\/2024\/03\/PHOTO-2024-01-12-10-48-28.jpg?w=1024&amp;ssl=1 1024w, https:\/\/i0.wp.com\/authentikevasion.com\/Site\/wp-content\/uploads\/2024\/03\/PHOTO-2024-01-12-10-48-28.jpg?resize=300%2C225&amp;ssl=1 300w, https:\/\/i0.wp.com\/authentikevasion.com\/Site\/wp-content\/uploads\/2024\/03\/PHOTO-2024-01-12-10-48-28.jpg?resize=768%2C576&amp;ssl=1 768w\" sizes=\"(max-width: 800px) 100vw, 800px\" \/>\t\t\t\t\t\t\t\t\t\t\t\t\t\t\t<\/div>\n\t\t\t\t<\/div>\n\t\t\t\t<\/div>\n\t\t<div class=\"elementor-element elementor-element-406c70b e-con-full e-flex e-con e-child\" data-id=\"406c70b\" data-element_type=\"container\">\n\t\t\t\t<div class=\"elementor-element elementor-element-eafa3b5 elementor-widget elementor-widget-text-editor\" data-id=\"eafa3b5\" data-element_type=\"widget\" data-widget_type=\"text-editor.default\">\n\t\t\t\t<div class=\"elementor-widget-container\">\n\t\t\t\t\t\t\t\t\t<p>Lors de votre s\u00e9jour nous proposons plusieurs types d&#8217;activit\u00e9 toutes diff\u00e9rentes les unes des autres :<\/p><ul><li>VTT fun tour (notion des r\u00e8gles de s\u00e9curit\u00e9, des d\u00e9placements, la bonne utilisation du v\u00e9lo, jeux, course, parcours trial&#8230;)<\/li><li>Rando VTT nocturne<\/li><li>Rallye orientation par \u00e9quipe<\/li><li>Olympiades (par \u00e9quipe ou individuel : VTT, jeux de ballon, tir \u00e0 l\u2019arc, jeux divers)<\/li><li>Tir \u00e0 l\u2019arc<\/li><li>Tir au javelot sur cible<\/li><li>Randonn\u00e9e VTT nature<\/li><li>Run and bike<\/li><li>Biathlon<\/li><li>Bootcamp<\/li><li>Ski de coordination<\/li><li>P\u00e9tanque<\/li><\/ul><div class=\"markup_a7e664 messageContent__21e69\">\u00a0<\/div><div class=\"markup_a7e664 messageContent__21e69\">\u00a0<\/div><div class=\"markup_a7e664 messageContent__21e69\">\u00a0<\/div>\t\t\t\t\t\t\t\t<\/div>\n\t\t\t\t<\/div>\n\t\t\t\t<\/div>\n\t\t<div class=\"elementor-element elementor-element-7d766a6 e-con-full e-flex e-con e-child\" data-id=\"7d766a6\" data-element_type=\"container\">\n\t\t\t\t<div class=\"elementor-element elementor-element-2813c78 elementor-widget elementor-widget-text-editor\" data-id=\"2813c78\" data-element_type=\"widget\" data-widget_type=\"text-editor.default\">\n\t\t\t\t<div class=\"elementor-widget-container\">\n\t\t\t\t\t\t\t\t\t<p>Ainsi que plusieurs activit\u00e9s optionnelles :<\/p><ul><li>Bateau \u00e9lectrique<\/li><li>Danse (moderne jazz, r\u00e9alisation d\u2019une chor\u00e9graphie plus une flashmob qui sera la danse du camp)<\/li><li>P\u00eache \u00e0 la ligne<\/li><li>D\u00e9couverte du travail de la tourbe + visite d\u2019une hutte (faune et flore)<\/li><li>Visite de la centrale hydro\u00e9lectrique<\/li><li>Visite du ch\u00e2teau<\/li><\/ul><p>Un dipl\u00f4me sera offert \u00e0 chaque enfant (\u00e0 la fin du s\u00e9jour) ainsi qu&#8217;un album photo au centre.<\/p>\t\t\t\t\t\t\t\t<\/div>\n\t\t\t\t<\/div>\n\t\t\t\t<\/div>\n\t\t<div class=\"elementor-element elementor-element-db8b5f1 e-con-full e-flex e-con e-child\" data-id=\"db8b5f1\" data-element_type=\"container\">\n\t\t\t\t<div class=\"elementor-element elementor-element-575ab26 elementor-widget elementor-widget-image\" data-id=\"575ab26\" data-element_type=\"widget\" data-widget_type=\"image.default\">\n\t\t\t\t<div class=\"elementor-widget-container\">\n\t\t\t\t\t\t\t\t\t\t\t\t\t\t\t<img loading=\"lazy\" decoding=\"async\" width=\"800\" height=\"600\" src=\"https:\/\/i0.wp.com\/authentikevasion.com\/Site\/wp-content\/uploads\/2024\/03\/PHOTO-2024-01-12-10-06-28.jpg?fit=800%2C600&amp;ssl=1\" class=\"attachment-large size-large wp-image-491\" alt=\"\" srcset=\"https:\/\/i0.wp.com\/authentikevasion.com\/Site\/wp-content\/uploads\/2024\/03\/PHOTO-2024-01-12-10-06-28.jpg?w=1024&amp;ssl=1 1024w, https:\/\/i0.wp.com\/authentikevasion.com\/Site\/wp-content\/uploads\/2024\/03\/PHOTO-2024-01-12-10-06-28.jpg?resize=300%2C225&amp;ssl=1 300w, https:\/\/i0.wp.com\/authentikevasion.com\/Site\/wp-content\/uploads\/2024\/03\/PHOTO-2024-01-12-10-06-28.jpg?resize=768%2C576&amp;ssl=1 768w\" sizes=\"(max-width: 800px) 100vw, 800px\" \/>\t\t\t\t\t\t\t\t\t\t\t\t\t\t\t<\/div>\n\t\t\t\t<\/div>\n\t\t\t\t<\/div>\n\t\t\t\t\t<\/div>\n\t\t\t\t<\/div>\n\t\t<div class=\"elementor-element elementor-element-c851804 e-flex e-con-boxed e-con e-parent\" data-id=\"c851804\" data-element_type=\"container\" data-settings=\"{&quot;background_background&quot;:&quot;classic&quot;}\">\n\t\t\t\t\t<div class=\"e-con-inner\">\n\t\t\t\t<div class=\"elementor-element elementor-element-66773c7 elementor-widget elementor-widget-spacer\" data-id=\"66773c7\" data-element_type=\"widget\" data-widget_type=\"spacer.default\">\n\t\t\t\t<div class=\"elementor-widget-container\">\n\t\t\t\t\t\t\t<div class=\"elementor-spacer\">\n\t\t\t<div class=\"elementor-spacer-inner\"><\/div>\n\t\t<\/div>\n\t\t\t\t\t\t<\/div>\n\t\t\t\t<\/div>\n\t\t\t\t\t<\/div>\n\t\t\t\t<\/div>\n\t\t<div class=\"elementor-element elementor-element-beea4af e-flex e-con-boxed e-con e-parent\" data-id=\"beea4af\" data-element_type=\"container\" data-settings=\"{&quot;background_background&quot;:&quot;classic&quot;}\">\n\t\t\t\t\t<div class=\"e-con-inner\">\n\t\t\t\t<div class=\"elementor-element elementor-element-4378164 elementor-align-center elementor-widget elementor-widget-button\" data-id=\"4378164\" data-element_type=\"widget\" data-widget_type=\"button.default\">\n\t\t\t\t<div class=\"elementor-widget-container\">\n\t\t\t\t\t\t\t\t\t<div class=\"elementor-button-wrapper\">\n\t\t\t\t\t<a class=\"elementor-button elementor-button-link elementor-size-sm\" href=\"http:\/\/authentikevasion.com\/Site\/index.php\/contact-reponses-rapides\/\">\n\t\t\t\t\t\t<span class=\"elementor-button-content-wrapper\">\n\t\t\t\t\t\t\t\t\t<span class=\"elementor-button-text\">Demander un devis<\/span>\n\t\t\t\t\t<\/span>\n\t\t\t\t\t<\/a>\n\t\t\t\t<\/div>\n\t\t\t\t\t\t\t\t<\/div>\n\t\t\t\t<\/div>\n\t\t\t\t<div class=\"elementor-element elementor-element-fa7c4a2 elementor-align-center elementor-widget elementor-widget-button\" data-id=\"fa7c4a2\" data-element_type=\"widget\" data-widget_type=\"button.default\">\n\t\t\t\t<div class=\"elementor-widget-container\">\n\t\t\t\t\t\t\t\t\t<div class=\"elementor-button-wrapper\">\n\t\t\t\t\t<a class=\"elementor-button elementor-button-link elementor-size-sm\" href=\"http:\/\/authentikevasion.com\/Site\/index.php\/prestations\/\">\n\t\t\t\t\t\t<span class=\"elementor-button-content-wrapper\">\n\t\t\t\t\t\t\t\t\t<span class=\"elementor-button-text\">Acc\u00e9der aux prestations<\/span>\n\t\t\t\t\t<\/span>\n\t\t\t\t\t<\/a>\n\t\t\t\t<\/div>\n\t\t\t\t\t\t\t\t<\/div>\n\t\t\t\t<\/div>\n\t\t\t\t\t<\/div>\n\t\t\t\t<\/div>\n\t\t<div class=\"elementor-element elementor-element-a1f71cb e-flex e-con-boxed e-con e-parent\" data-id=\"a1f71cb\" data-element_type=\"container\" data-settings=\"{&quot;background_background&quot;:&quot;classic&quot;}\">\n\t\t\t\t\t<div class=\"e-con-inner\">\n\t\t\t\t<div class=\"elementor-element elementor-element-fe6b82b elementor-widget elementor-widget-spacer\" data-id=\"fe6b82b\" data-element_type=\"widget\" data-widget_type=\"spacer.default\">\n\t\t\t\t<div class=\"elementor-widget-container\">\n\t\t\t\t\t\t\t<div class=\"elementor-spacer\">\n\t\t\t<div class=\"elementor-spacer-inner\"><\/div>\n\t\t<\/div>\n\t\t\t\t\t\t<\/div>\n\t\t\t\t<\/div>\n\t\t\t\t\t<\/div>\n\t\t\t\t<\/div>\n\t\t\t\t<\/div>\n\t\t","protected":false},"excerpt":{"rendered":"<p>Base de loisirs Oasis de d\u00e9tente : explorez nos offres de loisirs enrichissantes. Dans un cadre de r\u00eave, venez profiter d\u2019un lieu de vie idyllique en fond de vall\u00e9e, o\u00f9 r\u00e8gnent calme et s\u00e9r\u00e9nit\u00e9, rythm\u00e9 seulement par le chant des oiseaux.Le camping Baie de Somme La Peupleraie, \u00e0 proximit\u00e9 imm\u00e9diate de la v\u00e9lo-route Vall\u00e9e de [&hellip;]<\/p>\n","protected":false},"author":1,"featured_media":0,"parent":0,"menu_order":0,"comment_status":"closed","ping_status":"closed","template":"","meta":{"om_disable_all_campaigns":false,"_monsterinsights_skip_tracking":false,"_monsterinsights_sitenote_active":false,"_monsterinsights_sitenote_note":"","_monsterinsights_sitenote_category":0,"_uf_show_specific_survey":0,"_uf_disable_surveys":false,"footnotes":""},"class_list":["post-454","page","type-page","status-publish","hentry"],"yoast_head":"<!-- This site is optimized with the Yoast SEO plugin v24.1 - https:\/\/yoast.com\/wordpress\/plugins\/seo\/ -->\n<title>Base de Loisir - Authenti&#039;k Evasion<\/title>\n<meta name=\"robots\" content=\"index, follow, max-snippet:-1, max-image-preview:large, max-video-preview:-1\" \/>\n<link rel=\"canonical\" href=\"https:\/\/authentikevasion.com\/Site\/index.php\/base-de-loisir\/\" \/>\n<meta property=\"og:locale\" content=\"fr_FR\" \/>\n<meta property=\"og:type\" content=\"article\" \/>\n<meta property=\"og:title\" content=\"Base de Loisir - Authenti&#039;k Evasion\" \/>\n<meta property=\"og:description\" content=\"Base de loisirs Oasis de d\u00e9tente : explorez nos offres de loisirs enrichissantes. Dans un cadre de r\u00eave, venez profiter d\u2019un lieu de vie idyllique en fond de vall\u00e9e, o\u00f9 r\u00e8gnent calme et s\u00e9r\u00e9nit\u00e9, rythm\u00e9 seulement par le chant des oiseaux.Le camping Baie de Somme La Peupleraie, \u00e0 proximit\u00e9 imm\u00e9diate de la v\u00e9lo-route Vall\u00e9e de [&hellip;]\" \/>\n<meta property=\"og:url\" content=\"https:\/\/authentikevasion.com\/Site\/index.php\/base-de-loisir\/\" \/>\n<meta property=\"og:site_name\" content=\"Authenti&#039;k Evasion\" \/>\n<meta property=\"article:modified_time\" content=\"2025-01-20T23:20:33+00:00\" \/>\n<meta property=\"og:image\" content=\"http:\/\/authentikevasion.com\/Site\/wp-content\/uploads\/2024\/03\/IMG_3679.jpg\" \/>\n<meta name=\"twitter:card\" content=\"summary_large_image\" \/>\n<meta name=\"twitter:label1\" content=\"Dur\u00e9e de lecture estim\u00e9e\" \/>\n\t<meta name=\"twitter:data1\" content=\"3 minutes\" \/>\n<script type=\"application\/ld+json\" class=\"yoast-schema-graph\">{\"@context\":\"https:\/\/schema.org\",\"@graph\":[{\"@type\":\"WebPage\",\"@id\":\"https:\/\/authentikevasion.com\/Site\/index.php\/base-de-loisir\/\",\"url\":\"https:\/\/authentikevasion.com\/Site\/index.php\/base-de-loisir\/\",\"name\":\"Base de Loisir - Authenti&#039;k Evasion\",\"isPartOf\":{\"@id\":\"https:\/\/authentikevasion.com\/Site\/#website\"},\"primaryImageOfPage\":{\"@id\":\"https:\/\/authentikevasion.com\/Site\/index.php\/base-de-loisir\/#primaryimage\"},\"image\":{\"@id\":\"https:\/\/authentikevasion.com\/Site\/index.php\/base-de-loisir\/#primaryimage\"},\"thumbnailUrl\":\"http:\/\/authentikevasion.com\/Site\/wp-content\/uploads\/2024\/03\/IMG_3679.jpg\",\"datePublished\":\"2024-03-01T09:49:34+00:00\",\"dateModified\":\"2025-01-20T23:20:33+00:00\",\"breadcrumb\":{\"@id\":\"https:\/\/authentikevasion.com\/Site\/index.php\/base-de-loisir\/#breadcrumb\"},\"inLanguage\":\"fr-FR\",\"potentialAction\":[{\"@type\":\"ReadAction\",\"target\":[\"https:\/\/authentikevasion.com\/Site\/index.php\/base-de-loisir\/\"]}]},{\"@type\":\"ImageObject\",\"inLanguage\":\"fr-FR\",\"@id\":\"https:\/\/authentikevasion.com\/Site\/index.php\/base-de-loisir\/#primaryimage\",\"url\":\"https:\/\/i0.wp.com\/authentikevasion.com\/Site\/wp-content\/uploads\/2024\/03\/IMG_3679.jpg?fit=640%2C480&ssl=1\",\"contentUrl\":\"https:\/\/i0.wp.com\/authentikevasion.com\/Site\/wp-content\/uploads\/2024\/03\/IMG_3679.jpg?fit=640%2C480&ssl=1\",\"width\":640,\"height\":480},{\"@type\":\"BreadcrumbList\",\"@id\":\"https:\/\/authentikevasion.com\/Site\/index.php\/base-de-loisir\/#breadcrumb\",\"itemListElement\":[{\"@type\":\"ListItem\",\"position\":1,\"name\":\"Accueil\",\"item\":\"https:\/\/authentikevasion.com\/Site\/\"},{\"@type\":\"ListItem\",\"position\":2,\"name\":\"Base de Loisir\"}]},{\"@type\":\"WebSite\",\"@id\":\"https:\/\/authentikevasion.com\/Site\/#website\",\"url\":\"https:\/\/authentikevasion.com\/Site\/\",\"name\":\"Authenti&#039;k Evasion\",\"description\":\"Oser l&#039;aventure\",\"publisher\":{\"@id\":\"https:\/\/authentikevasion.com\/Site\/#organization\"},\"potentialAction\":[{\"@type\":\"SearchAction\",\"target\":{\"@type\":\"EntryPoint\",\"urlTemplate\":\"https:\/\/authentikevasion.com\/Site\/?s={search_term_string}\"},\"query-input\":{\"@type\":\"PropertyValueSpecification\",\"valueRequired\":true,\"valueName\":\"search_term_string\"}}],\"inLanguage\":\"fr-FR\"},{\"@type\":\"Organization\",\"@id\":\"https:\/\/authentikevasion.com\/Site\/#organization\",\"name\":\"Authenti&#039;k Evasion\",\"url\":\"https:\/\/authentikevasion.com\/Site\/\",\"logo\":{\"@type\":\"ImageObject\",\"inLanguage\":\"fr-FR\",\"@id\":\"https:\/\/authentikevasion.com\/Site\/#\/schema\/logo\/image\/\",\"url\":\"https:\/\/i0.wp.com\/authentikevasion.com\/Site\/wp-content\/uploads\/2024\/02\/LogoAEbg.png?fit=200%2C200&ssl=1\",\"contentUrl\":\"https:\/\/i0.wp.com\/authentikevasion.com\/Site\/wp-content\/uploads\/2024\/02\/LogoAEbg.png?fit=200%2C200&ssl=1\",\"width\":200,\"height\":200,\"caption\":\"Authenti&#039;k Evasion\"},\"image\":{\"@id\":\"https:\/\/authentikevasion.com\/Site\/#\/schema\/logo\/image\/\"}}]}<\/script>\n<!-- \/ Yoast SEO plugin. -->","yoast_head_json":{"title":"Base de Loisir - Authenti&#039;k Evasion","robots":{"index":"index","follow":"follow","max-snippet":"max-snippet:-1","max-image-preview":"max-image-preview:large","max-video-preview":"max-video-preview:-1"},"canonical":"https:\/\/authentikevasion.com\/Site\/index.php\/base-de-loisir\/","og_locale":"fr_FR","og_type":"article","og_title":"Base de Loisir - Authenti&#039;k Evasion","og_description":"Base de loisirs Oasis de d\u00e9tente : explorez nos offres de loisirs enrichissantes. Dans un cadre de r\u00eave, venez profiter d\u2019un lieu de vie idyllique en fond de vall\u00e9e, o\u00f9 r\u00e8gnent calme et s\u00e9r\u00e9nit\u00e9, rythm\u00e9 seulement par le chant des oiseaux.Le camping Baie de Somme La Peupleraie, \u00e0 proximit\u00e9 imm\u00e9diate de la v\u00e9lo-route Vall\u00e9e de [&hellip;]","og_url":"https:\/\/authentikevasion.com\/Site\/index.php\/base-de-loisir\/","og_site_name":"Authenti&#039;k Evasion","article_modified_time":"2025-01-20T23:20:33+00:00","og_image":[{"url":"http:\/\/authentikevasion.com\/Site\/wp-content\/uploads\/2024\/03\/IMG_3679.jpg","type":"","width":"","height":""}],"twitter_card":"summary_large_image","twitter_misc":{"Dur\u00e9e de lecture estim\u00e9e":"3 minutes"},"schema":{"@context":"https:\/\/schema.org","@graph":[{"@type":"WebPage","@id":"https:\/\/authentikevasion.com\/Site\/index.php\/base-de-loisir\/","url":"https:\/\/authentikevasion.com\/Site\/index.php\/base-de-loisir\/","name":"Base de Loisir - Authenti&#039;k Evasion","isPartOf":{"@id":"https:\/\/authentikevasion.com\/Site\/#website"},"primaryImageOfPage":{"@id":"https:\/\/authentikevasion.com\/Site\/index.php\/base-de-loisir\/#primaryimage"},"image":{"@id":"https:\/\/authentikevasion.com\/Site\/index.php\/base-de-loisir\/#primaryimage"},"thumbnailUrl":"http:\/\/authentikevasion.com\/Site\/wp-content\/uploads\/2024\/03\/IMG_3679.jpg","datePublished":"2024-03-01T09:49:34+00:00","dateModified":"2025-01-20T23:20:33+00:00","breadcrumb":{"@id":"https:\/\/authentikevasion.com\/Site\/index.php\/base-de-loisir\/#breadcrumb"},"inLanguage":"fr-FR","potentialAction":[{"@type":"ReadAction","target":["https:\/\/authentikevasion.com\/Site\/index.php\/base-de-loisir\/"]}]},{"@type":"ImageObject","inLanguage":"fr-FR","@id":"https:\/\/authentikevasion.com\/Site\/index.php\/base-de-loisir\/#primaryimage","url":"https:\/\/i0.wp.com\/authentikevasion.com\/Site\/wp-content\/uploads\/2024\/03\/IMG_3679.jpg?fit=640%2C480&ssl=1","contentUrl":"https:\/\/i0.wp.com\/authentikevasion.com\/Site\/wp-content\/uploads\/2024\/03\/IMG_3679.jpg?fit=640%2C480&ssl=1","width":640,"height":480},{"@type":"BreadcrumbList","@id":"https:\/\/authentikevasion.com\/Site\/index.php\/base-de-loisir\/#breadcrumb","itemListElement":[{"@type":"ListItem","position":1,"name":"Accueil","item":"https:\/\/authentikevasion.com\/Site\/"},{"@type":"ListItem","position":2,"name":"Base de Loisir"}]},{"@type":"WebSite","@id":"https:\/\/authentikevasion.com\/Site\/#website","url":"https:\/\/authentikevasion.com\/Site\/","name":"Authenti&#039;k Evasion","description":"Oser l&#039;aventure","publisher":{"@id":"https:\/\/authentikevasion.com\/Site\/#organization"},"potentialAction":[{"@type":"SearchAction","target":{"@type":"EntryPoint","urlTemplate":"https:\/\/authentikevasion.com\/Site\/?s={search_term_string}"},"query-input":{"@type":"PropertyValueSpecification","valueRequired":true,"valueName":"search_term_string"}}],"inLanguage":"fr-FR"},{"@type":"Organization","@id":"https:\/\/authentikevasion.com\/Site\/#organization","name":"Authenti&#039;k Evasion","url":"https:\/\/authentikevasion.com\/Site\/","logo":{"@type":"ImageObject","inLanguage":"fr-FR","@id":"https:\/\/authentikevasion.com\/Site\/#\/schema\/logo\/image\/","url":"https:\/\/i0.wp.com\/authentikevasion.com\/Site\/wp-content\/uploads\/2024\/02\/LogoAEbg.png?fit=200%2C200&ssl=1","contentUrl":"https:\/\/i0.wp.com\/authentikevasion.com\/Site\/wp-content\/uploads\/2024\/02\/LogoAEbg.png?fit=200%2C200&ssl=1","width":200,"height":200,"caption":"Authenti&#039;k Evasion"},"image":{"@id":"https:\/\/authentikevasion.com\/Site\/#\/schema\/logo\/image\/"}}]}},"jetpack_sharing_enabled":true,"_links":{"self":[{"href":"https:\/\/authentikevasion.com\/Site\/index.php\/wp-json\/wp\/v2\/pages\/454","targetHints":{"allow":["GET"]}}],"collection":[{"href":"https:\/\/authentikevasion.com\/Site\/index.php\/wp-json\/wp\/v2\/pages"}],"about":[{"href":"https:\/\/authentikevasion.com\/Site\/index.php\/wp-json\/wp\/v2\/types\/page"}],"author":[{"embeddable":true,"href":"https:\/\/authentikevasion.com\/Site\/index.php\/wp-json\/wp\/v2\/users\/1"}],"replies":[{"embeddable":true,"href":"https:\/\/authentikevasion.com\/Site\/index.php\/wp-json\/wp\/v2\/comments?post=454"}],"version-history":[{"count":89,"href":"https:\/\/authentikevasion.com\/Site\/index.php\/wp-json\/wp\/v2\/pages\/454\/revisions"}],"predecessor-version":[{"id":1778,"href":"https:\/\/authentikevasion.com\/Site\/index.php\/wp-json\/wp\/v2\/pages\/454\/revisions\/1778"}],"wp:attachment":[{"href":"https:\/\/authentikevasion.com\/Site\/index.php\/wp-json\/wp\/v2\/media?parent=454"}],"curies":[{"name":"wp","href":"https:\/\/api.w.org\/{rel}","templated":true}]}}